{"id":9986,"date":"2022-11-15T23:41:56","date_gmt":"2022-11-15T22:41:56","guid":{"rendered":"https:\/\/ukphotographie.de\/?page_id=9986"},"modified":"2023-07-21T11:03:12","modified_gmt":"2023-07-21T09:03:12","slug":"newsletter-aktivierungsnachricht","status":"publish","type":"page","link":"https:\/\/ukphotographie.de\/en\/newsletter-aktivierungsnachricht\/","title":{"rendered":"Newsletter activation message"},"content":{"rendered":"<div class=\"wpb-content-wrapper\"><div class=\"vc_row wpb_row vc_row-fluid\"><div class=\"wpb_column vc_column_container vc_col-sm-3 vc_hidden-xs\"><div class=\"vc_column-inner\"><div class=\"wpb_wrapper\"><\/div><\/div><\/div><div class=\"wpb_column vc_column_container vc_col-sm-6 vc_hidden-xs\"><div class=\"vc_column-inner\"><div class=\"wpb_wrapper\"><div class=\"vc_empty_space\"   style=\"height: 200px\"><span class=\"vc_empty_space_inner\"><\/span><\/div><h2 style=\"font-size: 36px;color: #c0af94;line-height: 1;text-align: center;font-family:Roboto;font-weight:700;font-style:normal\" class=\"vc_custom_heading vc_do_custom_heading\" >ACTIVATION MESSAGE<\/h2><div class=\"vc_separator wpb_content_element vc_separator_align_center vc_sep_width_50 vc_sep_pos_align_center wpb_content_element\" ><span class=\"vc_sep_holder vc_sep_holder_l\"><span style=\"border-color:#ffffff;\" class=\"vc_sep_line\"><\/span><\/span><span class=\"vc_sep_holder vc_sep_holder_r\"><span style=\"border-color:#ffffff;\" class=\"vc_sep_line\"><\/span><\/span>\n<\/div>\n\t<div class=\"wpb_text_column wpb_content_element\" >\n\t\t<div class=\"wpb_wrapper\">\n\t\t\t<p style=\"text-align: center;\">In order for me to add you to my newsletter list, you must confirm the confirmation link in the email. Please follow the instructions and check your spam folder.<\/p>\n<p style=\"text-align: center;\">Thank you very much!<\/p>\n\n\t\t<\/div>\n\t<\/div>\n<div class=\"vc_empty_space\"   style=\"height: 80px\"><span class=\"vc_empty_space_inner\"><\/span><\/div><\/div><\/div><\/div><div class=\"wpb_column vc_column_container vc_col-sm-3 vc_hidden-xs\"><div class=\"vc_column-inner\"><div class=\"wpb_wrapper\"><\/div><\/div><\/div><\/div><div class=\"vc_row wpb_row vc_row-fluid\"><div class=\"wpb_column vc_column_container vc_col-sm-12 vc_hidden-xs\"><div class=\"vc_column-inner\"><div class=\"wpb_wrapper\">\n\t<div  class=\"wpb_single_image wpb_content_element vc_align_center wpb_content_element wpb_animate_when_almost_visible wpb_fadeIn fadeIn\">\n\t\t\n\t\t<figure class=\"wpb_wrapper vc_figure\">\n\t\t\t<div class=\"vc_single_image-wrapper   vc_box_border_grey\"><img loading=\"lazy\" decoding=\"async\" width=\"150\" height=\"150\" src=\"https:\/\/ukphotographie.de\/wp-content\/uploads\/2022\/10\/Logo-2022-UK-Photographie-ohne-Rand-weiss-150x150.jpg\" class=\"vc_single_image-img attachment-thumbnail\" alt=\"Logo in weiss \u00a9 Copyright UK Photographie\" title=\"Logo 2022 UK Photographie weiss \u00a9 Copyright UK Photographie\" srcset=\"https:\/\/ukphotographie.de\/wp-content\/uploads\/2022\/10\/Logo-2022-UK-Photographie-ohne-Rand-weiss-150x150.jpg 150w, https:\/\/ukphotographie.de\/wp-content\/uploads\/2022\/10\/Logo-2022-UK-Photographie-ohne-Rand-weiss-300x300.jpg 300w, https:\/\/ukphotographie.de\/wp-content\/uploads\/2022\/10\/Logo-2022-UK-Photographie-ohne-Rand-weiss-12x12.jpg 12w, https:\/\/ukphotographie.de\/wp-content\/uploads\/2022\/10\/Logo-2022-UK-Photographie-ohne-Rand-weiss-500x500.jpg 500w, https:\/\/ukphotographie.de\/wp-content\/uploads\/2022\/10\/Logo-2022-UK-Photographie-ohne-Rand-weiss.jpg 600w\" sizes=\"auto, (max-width: 150px) 100vw, 150px\" data-full-size=\"600x600\" \/><\/div>\n\t\t<\/figure>\n\t<\/div>\n\n\t<div class=\"wpb_text_column wpb_content_element\" >\n\t\t<div class=\"wpb_wrapper\">\n\t\t\t<p style=\"text-align: center;\"><a title=\"Homepage\" href=\"https:\/\/ukphotographie.de\/en\/\">BACK TO THE HOME PAGE<\/a><\/p>\n\n\t\t<\/div>\n\t<\/div>\n<\/div><\/div><\/div><\/div><div class=\"vc_row wpb_row vc_row-fluid\"><div class=\"wpb_column vc_column_container vc_col-sm-3 vc_hidden-lg vc_hidden-md vc_hidden-sm\"><div class=\"vc_column-inner\"><div class=\"wpb_wrapper\"><\/div><\/div><\/div><div class=\"wpb_column vc_column_container vc_col-sm-6 vc_hidden-lg vc_hidden-md vc_hidden-sm\"><div class=\"vc_column-inner\"><div class=\"wpb_wrapper\"><div class=\"vc_empty_space\"   style=\"height: 50px\"><span class=\"vc_empty_space_inner\"><\/span><\/div><h2 style=\"font-size: 32px;color: #c0af94;line-height: 1;text-align: center;font-family:Roboto;font-weight:700;font-style:normal\" class=\"vc_custom_heading vc_do_custom_heading\" >ACTIVATION MESSAGE<\/h2><div class=\"vc_separator wpb_content_element vc_separator_align_center vc_sep_width_50 vc_sep_pos_align_center wpb_content_element\" ><span class=\"vc_sep_holder vc_sep_holder_l\"><span style=\"border-color:#ffffff;\" class=\"vc_sep_line\"><\/span><\/span><span class=\"vc_sep_holder vc_sep_holder_r\"><span style=\"border-color:#ffffff;\" class=\"vc_sep_line\"><\/span><\/span>\n<\/div>\n\t<div class=\"wpb_text_column wpb_content_element\" >\n\t\t<div class=\"wpb_wrapper\">\n\t\t\t<p style=\"text-align: center;\">In order for me to add you to my newsletter list, you must confirm the confirmation link in the email. Please follow the instructions and check your spam folder.<\/p>\n<p style=\"text-align: center;\">Thank you very much!<\/p>\n\n\t\t<\/div>\n\t<\/div>\n<div class=\"vc_empty_space\"   style=\"height: 50px\"><span class=\"vc_empty_space_inner\"><\/span><\/div><\/div><\/div><\/div><div class=\"wpb_column vc_column_container vc_col-sm-3 vc_hidden-lg vc_hidden-md vc_hidden-sm\"><div class=\"vc_column-inner\"><div class=\"wpb_wrapper\"><\/div><\/div><\/div><\/div><div class=\"vc_row wpb_row vc_row-fluid\"><div class=\"wpb_column vc_column_container vc_col-sm-12 vc_hidden-lg vc_hidden-md vc_hidden-sm\"><div class=\"vc_column-inner\"><div class=\"wpb_wrapper\">\n\t<div  class=\"wpb_single_image wpb_content_element vc_align_center wpb_content_element wpb_animate_when_almost_visible wpb_fadeIn fadeIn\">\n\t\t\n\t\t<figure class=\"wpb_wrapper vc_figure\">\n\t\t\t<div class=\"vc_single_image-wrapper   vc_box_border_grey\"><img loading=\"lazy\" decoding=\"async\" width=\"150\" height=\"150\" src=\"https:\/\/ukphotographie.de\/wp-content\/uploads\/2022\/10\/Logo-2022-UK-Photographie-ohne-Rand-weiss-150x150.jpg\" class=\"vc_single_image-img attachment-thumbnail\" alt=\"Logo in weiss \u00a9 Copyright UK Photographie\" title=\"Logo 2022 UK Photographie weiss \u00a9 Copyright UK Photographie\" srcset=\"https:\/\/ukphotographie.de\/wp-content\/uploads\/2022\/10\/Logo-2022-UK-Photographie-ohne-Rand-weiss-150x150.jpg 150w, https:\/\/ukphotographie.de\/wp-content\/uploads\/2022\/10\/Logo-2022-UK-Photographie-ohne-Rand-weiss-300x300.jpg 300w, https:\/\/ukphotographie.de\/wp-content\/uploads\/2022\/10\/Logo-2022-UK-Photographie-ohne-Rand-weiss-12x12.jpg 12w, https:\/\/ukphotographie.de\/wp-content\/uploads\/2022\/10\/Logo-2022-UK-Photographie-ohne-Rand-weiss-500x500.jpg 500w, https:\/\/ukphotographie.de\/wp-content\/uploads\/2022\/10\/Logo-2022-UK-Photographie-ohne-Rand-weiss.jpg 600w\" sizes=\"auto, (max-width: 150px) 100vw, 150px\" data-full-size=\"600x600\" \/><\/div>\n\t\t<\/figure>\n\t<\/div>\n\n\t<div class=\"wpb_text_column wpb_content_element\" >\n\t\t<div class=\"wpb_wrapper\">\n\t\t\t<p style=\"text-align: center;\"><a title=\"Homepage\" href=\"https:\/\/ukphotographie.de\/en\/\">BACK TO THE HOME PAGE<\/a><\/p>\n\n\t\t<\/div>\n\t<\/div>\n<\/div><\/div><\/div><\/div>\n<\/div>","protected":false},"excerpt":{"rendered":"AKTIVIERUNGSNACHRICHT Damit ich Sie in meiner Newsletter-Liste eintragen kann, m\u00fcssen Sie den Best\u00e4tigungslink in der E-Mail best\u00e4tigen. Bitte folgen Sie den Anweisungen und \u00fcberpr\u00fcfen Sie Ihren Spam-Ordner. Vielen Dank! ZUR\u00dcCK ZUR STARTSEITE AKTIVIERUNGSNACHRICHT Damit ich Sie in meiner Newsletter-Liste eintragen kann, m\u00fcssen Sie den Best\u00e4tigungslink in der E-Mail best\u00e4tigen. Bitte folgen Sie den Anweisungen und [...]","protected":false},"author":1,"featured_media":0,"parent":0,"menu_order":0,"comment_status":"closed","ping_status":"closed","template":"","meta":{"_mi_skip_tracking":false,"_monsterinsights_sitenote_active":false,"_monsterinsights_sitenote_note":"","_monsterinsights_sitenote_category":0,"footnotes":""},"class_list":["post-9986","page","type-page","status-publish","hentry"],"_links":{"self":[{"href":"https:\/\/ukphotographie.de\/en\/wp-json\/wp\/v2\/pages\/9986","targetHints":{"allow":["GET"]}}],"collection":[{"href":"https:\/\/ukphotographie.de\/en\/wp-json\/wp\/v2\/pages"}],"about":[{"href":"https:\/\/ukphotographie.de\/en\/wp-json\/wp\/v2\/types\/page"}],"author":[{"embeddable":true,"href":"https:\/\/ukphotographie.de\/en\/wp-json\/wp\/v2\/users\/1"}],"replies":[{"embeddable":true,"href":"https:\/\/ukphotographie.de\/en\/wp-json\/wp\/v2\/comments?post=9986"}],"version-history":[{"count":10,"href":"https:\/\/ukphotographie.de\/en\/wp-json\/wp\/v2\/pages\/9986\/revisions"}],"predecessor-version":[{"id":10437,"href":"https:\/\/ukphotographie.de\/en\/wp-json\/wp\/v2\/pages\/9986\/revisions\/10437"}],"wp:attachment":[{"href":"https:\/\/ukphotographie.de\/en\/wp-json\/wp\/v2\/media?parent=9986"}],"curies":[{"name":"wp","href":"https:\/\/api.w.org\/{rel}","templated":true}]}}