{"id":840,"date":"2020-05-10T00:31:55","date_gmt":"2020-05-09T22:31:55","guid":{"rendered":"https:\/\/ukphotographie.de\/?page_id=840"},"modified":"2023-03-13T22:47:27","modified_gmt":"2023-03-13T21:47:27","slug":"impressum","status":"publish","type":"page","link":"https:\/\/ukphotographie.de\/en\/impressum\/","title":{"rendered":"Imprint"},"content":{"rendered":"<div class=\"wpb-content-wrapper\"><div class=\"vc_row wpb_row vc_row-fluid\"><div class=\"wpb_column vc_column_container vc_col-sm-12\"><div class=\"vc_column-inner\"><div class=\"wpb_wrapper\">\n\t<div class=\"wpb_text_column wpb_content_element\" >\n\t\t<div class=\"wpb_wrapper\">\n\t\t\t<hr \/>\n\n\t\t<\/div>\n\t<\/div>\n<\/div><\/div><\/div><\/div><div class=\"vc_row wpb_row vc_row-fluid\"><div class=\"wpb_column vc_column_container vc_col-sm-12\"><div class=\"vc_column-inner\"><div class=\"wpb_wrapper\">\n\t<div class=\"wpb_text_column wpb_content_element\" >\n\t\t<div class=\"wpb_wrapper\">\n\t\t\t<h1>Imprint<\/h1>\n<h2 id=\"m46\">Service provider<\/h2>\n<p>\u00dcmit Karabulut I UK PHOTOGRAPHIE<\/p>\n<p>Heinrich-Binn-Str. 21<\/p>\n<p>47551 Bedburg-Hau<\/p>\n<p>Germany<\/p>\n<h2 id=\"m56\">Contact options<\/h2>\n<p>E-mail address:<\/p>\n<p><a href=\"mailto:kontakt@ukphotographie.de\">kontakt@ukphotographie.de<\/a><\/p>\n<p>Phone:<\/p>\n<p>+49 162 63 19 604<\/p>\n<p>Contact form:<\/p>\n<p><a href=\"https:\/\/ukphotographie.de\/en\/kontaktformular-kontakt-aufnehmen\/\" target=\"_blank\" rel=\"noopener\">https:\/\/ukphotographie.de\/kontaktformular-kontakt-aufnehmen\/<\/a><\/p>\n<h2 id=\"m172\">Social media and other online presences<\/h2>\n<p>This imprint also applies to the following social media presences and online profiles:<\/p>\n<p><a href=\"https:\/\/www.facebook.com\/ukphotographie\/\" target=\"_blank\" rel=\"noopener\">https:\/\/www.facebook.com\/ukphotographie\/<\/a><\/p>\n<p><a href=\"https:\/\/www.instagram.com\/ukphotographie\/\" target=\"_blank\" rel=\"noopener\">https:\/\/www.instagram.com\/ukphotographie\/<\/a><\/p>\n<h2 id=\"m65\">Liability and property rights information<\/h2>\n<p>Liability and property rights information\nDisclaimer: The contents of this online offer have been prepared carefully and according to our current state of knowledge. However, they are for information purposes only and do not have any legally binding effect, unless it concerns legally obligatory information (e.g. the imprint, the data protection declaration, general terms and conditions or obligatory instructions for consumers). We reserve the right to change or delete the contents completely or partially, as far as contractual obligations remain unaffected. All offers are subject to change and non-binding.<\/p>\n<p>Links to external websites: The contents of external websites to which we refer directly or indirectly are outside our area of responsibility and we do not adopt them as our own. We accept no responsibility for any content or disadvantages arising from the use of the information accessible in the linked websites.<\/p>\n<p>Information on legal violations: If you notice any legal violations within our website, please inform us of them. We will remove illegal content and links immediately after becoming aware of them.<\/p>\n<p class=\"seal\"><a title=\"Legal text by Dr. Schwenke - please click for further information.\" href=\"https:\/\/datenschutz-generator.de\/\" target=\"_blank\" rel=\"noopener noreferrer nofollow\">Created with free Datenschutz-Generator.de by Dr. Thomas Schwenke<\/a><\/p>\n\n\t\t<\/div>\n\t<\/div>\n<\/div><\/div><\/div><\/div><div class=\"vc_row wpb_row vc_row-fluid\"><div class=\"wpb_column vc_column_container vc_col-sm-12\"><div class=\"vc_column-inner\"><div class=\"wpb_wrapper\"><div class=\"vc_empty_space\"   style=\"height: 80px\"><span class=\"vc_empty_space_inner\"><\/span><\/div>\n\t<div  class=\"wpb_single_image wpb_content_element vc_align_center wpb_content_element wpb_animate_when_almost_visible wpb_fadeIn fadeIn\">\n\t\t\n\t\t<figure class=\"wpb_wrapper vc_figure\">\n\t\t\t<div class=\"vc_single_image-wrapper   vc_box_border_grey\"><img loading=\"lazy\" decoding=\"async\" width=\"150\" height=\"150\" src=\"https:\/\/ukphotographie.de\/wp-content\/uploads\/2022\/10\/Logo-2022-UK-Photographie-ohne-Rand-weiss-150x150.jpg\" class=\"vc_single_image-img attachment-thumbnail\" alt=\"Logo in weiss \u00a9 Copyright UK Photographie\" title=\"Logo 2022 UK Photographie weiss \u00a9 Copyright UK Photographie\" srcset=\"https:\/\/ukphotographie.de\/wp-content\/uploads\/2022\/10\/Logo-2022-UK-Photographie-ohne-Rand-weiss-150x150.jpg 150w, https:\/\/ukphotographie.de\/wp-content\/uploads\/2022\/10\/Logo-2022-UK-Photographie-ohne-Rand-weiss-300x300.jpg 300w, https:\/\/ukphotographie.de\/wp-content\/uploads\/2022\/10\/Logo-2022-UK-Photographie-ohne-Rand-weiss-12x12.jpg 12w, https:\/\/ukphotographie.de\/wp-content\/uploads\/2022\/10\/Logo-2022-UK-Photographie-ohne-Rand-weiss-500x500.jpg 500w, https:\/\/ukphotographie.de\/wp-content\/uploads\/2022\/10\/Logo-2022-UK-Photographie-ohne-Rand-weiss.jpg 600w\" sizes=\"auto, (max-width: 150px) 100vw, 150px\" data-full-size=\"600x600\" \/><\/div>\n\t\t<\/figure>\n\t<\/div>\n\n\t<div class=\"wpb_text_column wpb_content_element\" >\n\t\t<div class=\"wpb_wrapper\">\n\t\t\t<p style=\"text-align: center;\"><a title=\"Homepage\" href=\"https:\/\/ukphotographie.de\/en\/\">BACK TO THE HOME PAGE<\/a><\/p>\n\n\t\t<\/div>\n\t<\/div>\n<\/div><\/div><\/div><\/div>\n<\/div>","protected":false},"excerpt":{"rendered":"Impressum Diensteanbieter \u00dcmit Karabulut I UK PHOTOGRAPHIE Heinrich-Binn-Str. 21 47551 Bedburg-Hau Deutschland Kontaktm\u00f6glichkeiten E-Mail-Adresse: kontakt@ukphotographie.de Telefon: +49 162 63 19 604 Kontaktformular: https:\/\/ukphotographie.de\/kontaktformular-kontakt-aufnehmen\/ Social Media und andere Onlinepr\u00e4senzen Dieses Impressum gilt auch f\u00fcr die folgenden Social-Media-Pr\u00e4senzen und Onlineprofile: https:\/\/www.facebook.com\/ukphotographie\/ https:\/\/www.instagram.com\/ukphotographie\/ Haftungs- und Schutzrechtshinweise Haftungsausschluss: Die Inhalte dieses Onlineangebotes wurden sorgf\u00e4ltig und nach unserem aktuellen Kenntnisstand [...]","protected":false},"author":1,"featured_media":0,"parent":0,"menu_order":0,"comment_status":"closed","ping_status":"closed","template":"","meta":{"_mi_skip_tracking":false,"_monsterinsights_sitenote_active":false,"_monsterinsights_sitenote_note":"","_monsterinsights_sitenote_category":0,"footnotes":""},"class_list":["post-840","page","type-page","status-publish","hentry"],"_links":{"self":[{"href":"https:\/\/ukphotographie.de\/en\/wp-json\/wp\/v2\/pages\/840","targetHints":{"allow":["GET"]}}],"collection":[{"href":"https:\/\/ukphotographie.de\/en\/wp-json\/wp\/v2\/pages"}],"about":[{"href":"https:\/\/ukphotographie.de\/en\/wp-json\/wp\/v2\/types\/page"}],"author":[{"embeddable":true,"href":"https:\/\/ukphotographie.de\/en\/wp-json\/wp\/v2\/users\/1"}],"replies":[{"embeddable":true,"href":"https:\/\/ukphotographie.de\/en\/wp-json\/wp\/v2\/comments?post=840"}],"version-history":[{"count":11,"href":"https:\/\/ukphotographie.de\/en\/wp-json\/wp\/v2\/pages\/840\/revisions"}],"predecessor-version":[{"id":10245,"href":"https:\/\/ukphotographie.de\/en\/wp-json\/wp\/v2\/pages\/840\/revisions\/10245"}],"wp:attachment":[{"href":"https:\/\/ukphotographie.de\/en\/wp-json\/wp\/v2\/media?parent=840"}],"curies":[{"name":"wp","href":"https:\/\/api.w.org\/{rel}","templated":true}]}}