{"id":2485,"date":"2020-09-14T21:28:07","date_gmt":"2020-09-14T19:28:07","guid":{"rendered":"https:\/\/ukphotographie.de\/?page_id=2485"},"modified":"2025-01-10T15:01:50","modified_gmt":"2025-01-10T14:01:50","slug":"kreativ","status":"publish","type":"page","link":"https:\/\/ukphotographie.de\/en\/kreativ\/","title":{"rendered":"Creative"},"content":{"rendered":"<div class=\"wpb-content-wrapper\"><div data-vc-full-width=\"true\" data-vc-full-width-init=\"false\" data-vc-stretch-content=\"true\" class=\"vc_row wpb_row vc_row-fluid vc_row-no-padding\"><div class=\"wpb_column vc_column_container vc_col-sm-12 vc_hidden-xs\"><div class=\"vc_column-inner\"><div class=\"wpb_wrapper\"><div class=\"vc_row wpb_row vc_inner vc_row-fluid\"><div class=\"wpb_column vc_column_container vc_col-sm-3\"><div class=\"vc_column-inner\"><div class=\"wpb_wrapper\"><\/div><\/div><\/div><div class=\"wpb_column vc_column_container vc_col-sm-6\"><div class=\"vc_column-inner\"><div class=\"wpb_wrapper\"><div class=\"vc_empty_space\"   style=\"height: 400px\"><span class=\"vc_empty_space_inner\"><\/span><\/div><h3 style=\"font-size: 34px;color: #c0af94;line-height: 1;text-align: center;font-family:Roboto;font-weight:700;font-style:normal\" class=\"vc_custom_heading vc_do_custom_heading\" >CREATIVITY KNOWS<\/h3><div class=\"vc_separator wpb_content_element vc_separator_align_center vc_sep_width_50 vc_sep_pos_align_center wpb_content_element\" ><span class=\"vc_sep_holder vc_sep_holder_l\"><span style=\"border-color:#ffffff;\" class=\"vc_sep_line\"><\/span><\/span><span class=\"vc_sep_holder vc_sep_holder_r\"><span style=\"border-color:#ffffff;\" class=\"vc_sep_line\"><\/span><\/span>\n<\/div><h3 style=\"font-size: 26px;color: #c0af94;line-height: 1;text-align: center;font-family:Roboto;font-weight:300;font-style:normal\" class=\"vc_custom_heading vc_do_custom_heading\" >NO LIMITS<\/h3><div class=\"vc_empty_space\"   style=\"height: 400px\"><span class=\"vc_empty_space_inner\"><\/span><\/div><\/div><\/div><\/div><div class=\"wpb_column vc_column_container vc_col-sm-3\"><div class=\"vc_column-inner\"><div class=\"wpb_wrapper\"><\/div><\/div><\/div><\/div><\/div><\/div><\/div><div class=\"wpb_column vc_column_container vc_col-sm-12 vc_hidden-xs\"><div class=\"vc_column-inner\"><div class=\"wpb_wrapper\"><div class=\"vc_row wpb_row vc_inner vc_row-fluid vc_custom_1666775545246 vc_row-has-fill\"><div class=\"wpb_column vc_column_container vc_col-sm-3 vc_hidden-xs\"><div class=\"vc_column-inner\"><div class=\"wpb_wrapper\"><\/div><\/div><\/div><div class=\"wpb_column vc_column_container vc_col-sm-6 vc_hidden-xs\"><div class=\"vc_column-inner\"><div class=\"wpb_wrapper\"><div class=\"vc_empty_space\"   style=\"height: 400px\"><span class=\"vc_empty_space_inner\"><\/span><\/div><h3 style=\"font-size: 32px;color: #333333;line-height: 1;text-align: center;font-family:Roboto;font-weight:700;font-style:normal\" class=\"vc_custom_heading vc_do_custom_heading\" >DRIVEN BY MY PASSION OF PHOTOGRAPHY<\/h3><div class=\"vc_empty_space\"   style=\"height: 5px\"><span class=\"vc_empty_space_inner\"><\/span><\/div><div class=\"vc_separator wpb_content_element vc_separator_align_center vc_sep_width_50 vc_sep_pos_align_center wpb_content_element\" ><span class=\"vc_sep_holder vc_sep_holder_l\"><span style=\"border-color:#333333;\" class=\"vc_sep_line\"><\/span><\/span><div class=\"vc_icon_element vc_icon_element-outer vc_do_icon vc_icon_element-align-left\"><div class=\"vc_icon_element-inner vc_icon_element-color-custom vc_icon_element-size-md vc_icon_element-style- vc_icon_element-background-color-grey\" ><span class=\"vc_icon_element-icon fas fa-circle\" style=\"color:#c0af94 !important\"><\/span><\/div><\/div><span class=\"vc_sep_holder vc_sep_holder_r\"><span style=\"border-color:#333333;\" class=\"vc_sep_line\"><\/span><\/span>\n<\/div><div class=\"vc_empty_space\"   style=\"height: 5px\"><span class=\"vc_empty_space_inner\"><\/span><\/div>\n\t<div class=\"wpb_text_column wpb_content_element\" >\n\t\t<div class=\"wpb_wrapper\">\n\t\t\t<p style=\"text-align: center;\"><span style=\"color: #333333;\">Unique shots get a very special touch. The further development and the composition of the individual images, give me great pleasure. Skill and creativity play a very important role here.<\/span><\/p>\n<p style=\"text-align: center;\"><span style=\"color: #333333;\">I was able to discover these skills as a child. At that time I sorted our pictures passionately and appropriately. Then I glued the pictures together in an album and annotated them with my own texts. Full of pride, I showed the result and could not help smiling.<\/span><\/p>\n<p style=\"text-align: center;\"><span style=\"color: #333333;\">I still feel this feeling today!<\/span><\/p>\n<p style=\"text-align: center;\"><span style=\"color: #333333;\">For me it is particularly important to always give my best. In addition, I want to reach people emotionally with my pictures and inspire.<\/span><\/p>\n<p style=\"text-align: center;\"><span style=\"color: #333333;\">I will be happy to immortalize you photographically and create for you, YOUR personal storyboards and collages suitable together!<\/span><\/p>\n<p style=\"text-align: center;\"><span style=\"color: #333333;\">Please feel free to contact me in a personal conversation or send me a<\/span> <em><span style=\"color: #c0af94;\"><a style=\"color: #c0af94;\" title=\"Contact form\" href=\"https:\/\/ukphotographie.de\/en\/kontaktformular-kontakt-aufnehmen\/\" target=\"_blank\" rel=\"noopener\">message<\/a><\/span><\/em><span style=\"color: #333333;\"><em>.<\/em><\/span><\/p>\n\n\t\t<\/div>\n\t<\/div>\n<div class=\"vc_empty_space\"   style=\"height: 400px\"><span class=\"vc_empty_space_inner\"><\/span><\/div><\/div><\/div><\/div><div class=\"wpb_column vc_column_container vc_col-sm-3 vc_hidden-xs\"><div class=\"vc_column-inner\"><div class=\"wpb_wrapper\"><\/div><\/div><\/div><\/div><\/div><\/div><\/div><\/div><div class=\"vc_row-full-width vc_clearfix\"><\/div><div data-vc-full-width=\"true\" data-vc-full-width-init=\"false\" data-vc-stretch-content=\"true\" data-vc-parallax=\"1.2\" data-vc-parallax-image=\"https:\/\/ukphotographie.de\/wp-content\/uploads\/2020\/05\/Babyfuesse-in-Sepia-Look.jpg\" class=\"vc_row wpb_row vc_row-fluid vc_row-has-fill vc_row-no-padding vc_general vc_parallax vc_parallax-content-moving\"><div class=\"wpb_column vc_column_container vc_col-sm-12 vc_hidden-xs\"><div class=\"vc_column-inner\"><div class=\"wpb_wrapper\"><div class=\"vc_empty_space\"   style=\"height: 500px\"><span class=\"vc_empty_space_inner\"><\/span><\/div><h3 style=\"font-size: 30px;color: #ffffff;line-height: 1;text-align: center;font-family:Roboto;font-weight:400;font-style:normal\" class=\"vc_custom_heading vc_do_custom_heading wpb_animate_when_almost_visible wpb_fadeIn fadeIn\" >\"Pictures tell our stories\"<\/h3>\n\t<div class=\"wpb_text_column wpb_content_element wpb_animate_when_almost_visible wpb_fadeIn fadeIn\" >\n\t\t<div class=\"wpb_wrapper\">\n\t\t\t<p style=\"text-align: center;\"><span style=\"color: #c0af94; font-size: 18pt;\">UK PHOTOGRAPHIE<\/span><\/p>\n\n\t\t<\/div>\n\t<\/div>\n<div class=\"vc_empty_space\"   style=\"height: 500px\"><span class=\"vc_empty_space_inner\"><\/span><\/div><\/div><\/div><\/div><\/div><div class=\"vc_row-full-width vc_clearfix\"><\/div><div data-vc-full-width=\"true\" data-vc-full-width-init=\"false\" data-vc-stretch-content=\"true\" class=\"vc_row wpb_row vc_row-fluid vc_custom_1666775583404 vc_row-has-fill vc_row-no-padding\"><div class=\"wpb_column vc_column_container vc_col-sm-3 vc_hidden-xs\"><div class=\"vc_column-inner\"><div class=\"wpb_wrapper\"><\/div><\/div><\/div><div class=\"wpb_column vc_column_container vc_col-sm-6 vc_hidden-xs\"><div class=\"vc_column-inner\"><div class=\"wpb_wrapper\"><div class=\"vc_empty_space\"   style=\"height: 400px\"><span class=\"vc_empty_space_inner\"><\/span><\/div><h3 style=\"font-size: 34px;color: #333333;line-height: 1;text-align: center;font-family:Roboto;font-weight:700;font-style:normal\" class=\"vc_custom_heading vc_do_custom_heading\" >CREATE SOMETHING<\/h3><div class=\"vc_separator wpb_content_element vc_separator_align_center vc_sep_width_50 vc_sep_pos_align_center wpb_content_element\" ><span class=\"vc_sep_holder vc_sep_holder_l\"><span style=\"border-color:#c0af94;\" class=\"vc_sep_line\"><\/span><\/span><span class=\"vc_sep_holder vc_sep_holder_r\"><span style=\"border-color:#c0af94;\" class=\"vc_sep_line\"><\/span><\/span>\n<\/div><h3 style=\"font-size: 26px;color: #333333;line-height: 1;text-align: center;font-family:Roboto;font-weight:300;font-style:normal\" class=\"vc_custom_heading vc_do_custom_heading\" >VERY SPECIAL WITH ME<\/h3><div class=\"vc_empty_space\"   style=\"height: 20px\"><span class=\"vc_empty_space_inner\"><\/span><\/div>\n\t<div class=\"wpb_text_column wpb_content_element\" >\n\t\t<div class=\"wpb_wrapper\">\n\t\t\t<p style=\"text-align: center;\"><span style=\"color: #333333;\">Everything starts with an idea. It's a great occasion to let creativity run wild and challenge yourself. I discover another variety of my photography.<\/span><\/p>\n<p style=\"text-align: center;\"><span style=\"color: #333333;\">Good pictures stay in your head!<\/span><\/p>\n\n\t\t<\/div>\n\t<\/div>\n<div class=\"vc_empty_space\"   style=\"height: 400px\"><span class=\"vc_empty_space_inner\"><\/span><\/div><\/div><\/div><\/div><div class=\"wpb_column vc_column_container vc_col-sm-3 vc_hidden-xs\"><div class=\"vc_column-inner\"><div class=\"wpb_wrapper\"><\/div><\/div><\/div><\/div><div class=\"vc_row-full-width vc_clearfix\"><\/div><div data-vc-full-width=\"true\" data-vc-full-width-init=\"false\" data-vc-stretch-content=\"true\" class=\"vc_row wpb_row vc_row-fluid vc_row-no-padding\"><div class=\"wpb_column vc_column_container vc_col-sm-2 vc_hidden-xs\"><div class=\"vc_column-inner\"><div class=\"wpb_wrapper\"><\/div><\/div><\/div><div class=\"wpb_column vc_column_container vc_col-sm-8 vc_hidden-xs\"><div class=\"vc_column-inner\"><div class=\"wpb_wrapper\"><div class=\"vc_empty_space\"   style=\"height: 400px\"><span class=\"vc_empty_space_inner\"><\/span><\/div><div class=\"vc_separator wpb_content_element vc_separator_align_center vc_sep_width_60 vc_sep_pos_align_center wpb_content_element\" ><span class=\"vc_sep_holder vc_sep_holder_l\"><span style=\"border-color:#ffffff;\" class=\"vc_sep_line\"><\/span><\/span><span class=\"vc_sep_holder vc_sep_holder_r\"><span style=\"border-color:#ffffff;\" class=\"vc_sep_line\"><\/span><\/span>\n<\/div><h3 style=\"font-size: 34px;color: #c0af94;line-height: 1;text-align: center;font-family:Roboto;font-weight:700;font-style:normal\" class=\"vc_custom_heading vc_do_custom_heading wpb_animate_when_almost_visible wpb_fadeIn fadeIn\" >STORYBOARDS OR COLLAGES?<\/h3><div class=\"vc_empty_space\"   style=\"height: 25px\"><span class=\"vc_empty_space_inner\"><\/span><\/div><div class=\"vc_separator wpb_content_element vc_separator_align_center vc_sep_width_60 vc_sep_pos_align_center wpb_content_element\" ><span class=\"vc_sep_holder vc_sep_holder_l\"><span style=\"border-color:#ffffff;\" class=\"vc_sep_line\"><\/span><\/span><span class=\"vc_sep_holder vc_sep_holder_r\"><span style=\"border-color:#ffffff;\" class=\"vc_sep_line\"><\/span><\/span>\n<\/div><div class=\"vc_empty_space\"   style=\"height: 400px\"><span class=\"vc_empty_space_inner\"><\/span><\/div><\/div><\/div><\/div><div class=\"wpb_column vc_column_container vc_col-sm-2 vc_hidden-xs\"><div class=\"vc_column-inner\"><div class=\"wpb_wrapper\"><\/div><\/div><\/div><\/div><div class=\"vc_row-full-width vc_clearfix\"><\/div><div data-vc-full-width=\"true\" data-vc-full-width-init=\"false\" data-vc-stretch-content=\"true\" class=\"vc_row wpb_row vc_row-fluid\"><div class=\"wpb_column vc_column_container vc_col-sm-12 vc_hidden-lg vc_hidden-md vc_hidden-sm\"><div class=\"vc_column-inner\"><div class=\"wpb_wrapper\"><div class=\"vc_empty_space\"   style=\"height: 100px\"><span class=\"vc_empty_space_inner\"><\/span><\/div><h3 style=\"font-size: 30px;color: #c0af94;line-height: 1;text-align: center;font-family:Roboto;font-weight:700;font-style:normal\" class=\"vc_custom_heading vc_do_custom_heading\" >CREATIVITY KNOWS<\/h3><div class=\"vc_separator wpb_content_element vc_separator_align_center vc_sep_width_50 vc_sep_pos_align_center wpb_content_element\" ><span class=\"vc_sep_holder vc_sep_holder_l\"><span style=\"border-color:#ffffff;\" class=\"vc_sep_line\"><\/span><\/span><span class=\"vc_sep_holder vc_sep_holder_r\"><span style=\"border-color:#ffffff;\" class=\"vc_sep_line\"><\/span><\/span>\n<\/div><h3 style=\"font-size: 22px;color: #c0af94;line-height: 1;text-align: center;font-family:Roboto;font-weight:300;font-style:normal\" class=\"vc_custom_heading vc_do_custom_heading\" >NO LIMITS<\/h3><div class=\"vc_empty_space\"   style=\"height: 140px\"><span class=\"vc_empty_space_inner\"><\/span><\/div><div class=\"vc_row wpb_row vc_inner vc_row-fluid vc_custom_1666775590746 vc_row-has-fill\"><div class=\"wpb_column vc_column_container vc_col-sm-3 vc_hidden-lg vc_hidden-md vc_hidden-sm\"><div class=\"vc_column-inner\"><div class=\"wpb_wrapper\"><\/div><\/div><\/div><div class=\"wpb_column vc_column_container vc_col-sm-6 vc_hidden-lg vc_hidden-md vc_hidden-sm\"><div class=\"vc_column-inner\"><div class=\"wpb_wrapper\"><div class=\"vc_empty_space\"   style=\"height: 50px\"><span class=\"vc_empty_space_inner\"><\/span><\/div><h3 style=\"font-size: 32px;color: #333333;line-height: 1;text-align: center;font-family:Roboto;font-weight:700;font-style:normal\" class=\"vc_custom_heading vc_do_custom_heading\" >DRIVEN BY MY PASSION OF PHOTOGRAPHY<\/h3><div class=\"vc_separator wpb_content_element vc_separator_align_center vc_sep_width_50 vc_sep_pos_align_center wpb_content_element\" ><span class=\"vc_sep_holder vc_sep_holder_l\"><span style=\"border-color:#333333;\" class=\"vc_sep_line\"><\/span><\/span><div class=\"vc_icon_element vc_icon_element-outer vc_do_icon vc_icon_element-align-left\"><div class=\"vc_icon_element-inner vc_icon_element-color-custom vc_icon_element-size-sm vc_icon_element-style- vc_icon_element-background-color-grey\" ><span class=\"vc_icon_element-icon fas fa-circle\" style=\"color:#c0af94 !important\"><\/span><\/div><\/div><span class=\"vc_sep_holder vc_sep_holder_r\"><span style=\"border-color:#333333;\" class=\"vc_sep_line\"><\/span><\/span>\n<\/div>\n\t<div class=\"wpb_text_column wpb_content_element vc_custom_1666642955160\" >\n\t\t<div class=\"wpb_wrapper\">\n\t\t\t<p style=\"text-align: center;\"><span style=\"color: #333333;\">Unique shots get a very special touch. The further development and the composition of the individual images, give me great pleasure. Skill and creativity play a very important role here.<\/span><\/p>\n<p style=\"text-align: center;\"><span style=\"color: #333333;\">I was able to discover these skills as a child. At that time I sorted our pictures passionately and appropriately. Then I glued the pictures together in an album and annotated them with my own texts. Full of pride, I showed the result and could not help smiling.<\/span><\/p>\n<p style=\"text-align: center;\"><span style=\"color: #333333;\">I still feel this feeling today!<\/span><\/p>\n<p style=\"text-align: center;\"><span style=\"color: #333333;\">For me it is particularly important to always give my best. In addition, I want to reach people emotionally with my pictures and inspire.<\/span><\/p>\n<p style=\"text-align: center;\"><span style=\"color: #333333;\">I will be happy to immortalize you photographically and create for you, YOUR personal storyboards and collages suitable together!<\/span><\/p>\n<p style=\"text-align: center;\"><span style=\"color: #333333;\">Please feel free to contact me in a personal conversation or send me a<\/span> <em><span style=\"color: #c0af94;\"><a style=\"color: #c0af94;\" title=\"Contact form\" href=\"https:\/\/ukphotographie.de\/en\/kontaktformular-kontakt-aufnehmen\/\" target=\"_blank\" rel=\"noopener\">message<\/a><\/span><\/em><span style=\"color: #333333;\"><em>.<\/em><\/span><\/p>\n\n\t\t<\/div>\n\t<\/div>\n<div class=\"vc_empty_space\"   style=\"height: 50px\"><span class=\"vc_empty_space_inner\"><\/span><\/div><\/div><\/div><\/div><div class=\"wpb_column vc_column_container vc_col-sm-3 vc_hidden-lg vc_hidden-md vc_hidden-sm\"><div class=\"vc_column-inner\"><div class=\"wpb_wrapper\"><\/div><\/div><\/div><\/div><\/div><\/div><\/div><\/div><div class=\"vc_row-full-width vc_clearfix\"><\/div><div data-vc-full-width=\"true\" data-vc-full-width-init=\"false\" data-vc-stretch-content=\"true\" data-vc-parallax=\"1.4\" data-vc-parallax-image=\"https:\/\/ukphotographie.de\/wp-content\/uploads\/2020\/05\/Babyfuesse-in-Sepia-Look.jpg\" class=\"vc_row wpb_row vc_row-fluid vc_custom_1659298051250 vc_row-has-fill vc_general vc_parallax vc_parallax-content-moving\"><div class=\"wpb_column vc_column_container vc_col-sm-12 vc_hidden-lg vc_hidden-md vc_hidden-sm\"><div class=\"vc_column-inner\"><div class=\"wpb_wrapper\"><div class=\"vc_empty_space\"   style=\"height: 80px\"><span class=\"vc_empty_space_inner\"><\/span><\/div><h3 style=\"font-size: 20px;color: #ffffff;line-height: 1;text-align: center;font-family:Roboto;font-weight:400;font-style:normal\" class=\"vc_custom_heading vc_do_custom_heading wpb_animate_when_almost_visible wpb_fadeIn fadeIn\" >\"Pictures tell our stories\"<\/h3>\n\t<div class=\"wpb_text_column wpb_content_element wpb_animate_when_almost_visible wpb_fadeIn fadeIn\" >\n\t\t<div class=\"wpb_wrapper\">\n\t\t\t<p style=\"text-align: center;\"><span style=\"color: #c0af94;\">UK PHOTOGRAPHIE<\/span><\/p>\n\n\t\t<\/div>\n\t<\/div>\n<div class=\"vc_empty_space\"   style=\"height: 50px\"><span class=\"vc_empty_space_inner\"><\/span><\/div><\/div><\/div><\/div><\/div><div class=\"vc_row-full-width vc_clearfix\"><\/div><div data-vc-full-width=\"true\" data-vc-full-width-init=\"false\" data-vc-stretch-content=\"true\" class=\"vc_row wpb_row vc_row-fluid vc_custom_1666775599927 vc_row-has-fill\"><div class=\"wpb_column vc_column_container vc_col-sm-3 vc_hidden-lg vc_hidden-md vc_hidden-sm\"><div class=\"vc_column-inner\"><div class=\"wpb_wrapper\"><\/div><\/div><\/div><div class=\"wpb_column vc_column_container vc_col-sm-6 vc_hidden-lg vc_hidden-md vc_hidden-sm\"><div class=\"vc_column-inner\"><div class=\"wpb_wrapper\"><div class=\"vc_empty_space\"   style=\"height: 140px\"><span class=\"vc_empty_space_inner\"><\/span><\/div><h3 style=\"font-size: 34px;color: #333333;line-height: 1;text-align: center;font-family:Roboto;font-weight:700;font-style:normal\" class=\"vc_custom_heading vc_do_custom_heading\" >CREATE SOMETHING<\/h3><div class=\"vc_separator wpb_content_element vc_separator_align_center vc_sep_width_50 vc_sep_pos_align_center wpb_content_element\" ><span class=\"vc_sep_holder vc_sep_holder_l\"><span style=\"border-color:#c0af94;\" class=\"vc_sep_line\"><\/span><\/span><span class=\"vc_sep_holder vc_sep_holder_r\"><span style=\"border-color:#c0af94;\" class=\"vc_sep_line\"><\/span><\/span>\n<\/div><h3 style=\"font-size: 26px;color: #333333;line-height: 1;text-align: center;font-family:Roboto;font-weight:300;font-style:normal\" class=\"vc_custom_heading vc_do_custom_heading\" >VERY SPECIAL WITH ME<\/h3><div class=\"vc_empty_space\"   style=\"height: 25px\"><span class=\"vc_empty_space_inner\"><\/span><\/div>\n\t<div class=\"wpb_text_column wpb_content_element\" >\n\t\t<div class=\"wpb_wrapper\">\n\t\t\t<p style=\"text-align: center;\"><span style=\"color: #333333;\">Everything starts with an idea. It's a great occasion to let creativity run wild and challenge yourself. I discover another variety of my photography.<\/span><\/p>\n<p style=\"text-align: center;\"><span style=\"color: #333333;\">Good pictures stay in your head!<\/span><\/p>\n\n\t\t<\/div>\n\t<\/div>\n<div class=\"vc_empty_space\"   style=\"height: 140px\"><span class=\"vc_empty_space_inner\"><\/span><\/div><\/div><\/div><\/div><div class=\"wpb_column vc_column_container vc_col-sm-3 vc_hidden-lg vc_hidden-md vc_hidden-sm\"><div class=\"vc_column-inner\"><div class=\"wpb_wrapper\"><\/div><\/div><\/div><\/div><div class=\"vc_row-full-width vc_clearfix\"><\/div><div data-vc-full-width=\"true\" data-vc-full-width-init=\"false\" data-vc-stretch-content=\"true\" class=\"vc_row wpb_row vc_row-fluid\"><div class=\"wpb_column vc_column_container vc_col-sm-12 vc_hidden-lg vc_hidden-md vc_hidden-sm\"><div class=\"vc_column-inner\"><div class=\"wpb_wrapper\"><div class=\"vc_empty_space\"   style=\"height: 120px\"><span class=\"vc_empty_space_inner\"><\/span><\/div><div class=\"vc_separator wpb_content_element vc_separator_align_center vc_sep_width_70 vc_sep_pos_align_center wpb_content_element\" ><span class=\"vc_sep_holder vc_sep_holder_l\"><span style=\"border-color:#ffffff;\" class=\"vc_sep_line\"><\/span><\/span><span class=\"vc_sep_holder vc_sep_holder_r\"><span style=\"border-color:#ffffff;\" class=\"vc_sep_line\"><\/span><\/span>\n<\/div><h3 style=\"font-size: 30px;color: #c0af94;line-height: 1;text-align: center;font-family:Roboto;font-weight:700;font-style:normal\" class=\"vc_custom_heading vc_do_custom_heading wpb_animate_when_almost_visible wpb_fadeIn fadeIn\" >STORYBOARDS OR COLLAGES?<\/h3><div class=\"vc_empty_space\"   style=\"height: 20px\"><span class=\"vc_empty_space_inner\"><\/span><\/div><div class=\"vc_separator wpb_content_element vc_separator_align_center vc_sep_width_70 vc_sep_pos_align_center wpb_content_element\" ><span class=\"vc_sep_holder vc_sep_holder_l\"><span style=\"border-color:#ffffff;\" class=\"vc_sep_line\"><\/span><\/span><span class=\"vc_sep_holder vc_sep_holder_r\"><span style=\"border-color:#ffffff;\" class=\"vc_sep_line\"><\/span><\/span>\n<\/div><div class=\"vc_empty_space\"   style=\"height: 120px\"><span class=\"vc_empty_space_inner\"><\/span><\/div><\/div><\/div><\/div><\/div><div class=\"vc_row-full-width vc_clearfix\"><\/div>\n<\/div>","protected":false},"excerpt":{"rendered":"DIE KREATIVIT\u00c4T KENNT KEINE GRENZENGETRIEBEN VON MEINER LEIDENSCHAFT DER FOTOGRAFIE Einzigartige Aufnahmen erhalten eine ganz besondere Note. Die Weiterentwicklung und die Zusammenstellung der einzelnen Bilder, bereiten mir eine gro\u00dfe Freude. Geschick und Kreativit\u00e4t spielen hierbei eine ganz wichtige Rolle. Diese F\u00e4higkeiten konnte ich bereits im Kindesalter entdecken. Ich habe damals unsere Bilder leidenschaftlich und passend [...]","protected":false},"author":1,"featured_media":0,"parent":0,"menu_order":0,"comment_status":"open","ping_status":"closed","template":"template-gallery.php","meta":{"_mi_skip_tracking":false,"_monsterinsights_sitenote_active":false,"_monsterinsights_sitenote_note":"","_monsterinsights_sitenote_category":0,"footnotes":""},"class_list":["post-2485","page","type-page","status-publish","hentry"],"_links":{"self":[{"href":"https:\/\/ukphotographie.de\/en\/wp-json\/wp\/v2\/pages\/2485","targetHints":{"allow":["GET"]}}],"collection":[{"href":"https:\/\/ukphotographie.de\/en\/wp-json\/wp\/v2\/pages"}],"about":[{"href":"https:\/\/ukphotographie.de\/en\/wp-json\/wp\/v2\/types\/page"}],"author":[{"embeddable":true,"href":"https:\/\/ukphotographie.de\/en\/wp-json\/wp\/v2\/users\/1"}],"replies":[{"embeddable":true,"href":"https:\/\/ukphotographie.de\/en\/wp-json\/wp\/v2\/comments?post=2485"}],"version-history":[{"count":11,"href":"https:\/\/ukphotographie.de\/en\/wp-json\/wp\/v2\/pages\/2485\/revisions"}],"predecessor-version":[{"id":10678,"href":"https:\/\/ukphotographie.de\/en\/wp-json\/wp\/v2\/pages\/2485\/revisions\/10678"}],"wp:attachment":[{"href":"https:\/\/ukphotographie.de\/en\/wp-json\/wp\/v2\/media?parent=2485"}],"curies":[{"name":"wp","href":"https:\/\/api.w.org\/{rel}","templated":true}]}}