{"id":10715,"date":"2025-08-28T13:38:17","date_gmt":"2025-08-28T11:38:17","guid":{"rendered":"https:\/\/ukphotographie.de\/?page_id=10715"},"modified":"2025-08-28T13:48:46","modified_gmt":"2025-08-28T11:48:46","slug":"__trashed","status":"publish","type":"page","link":"https:\/\/ukphotographie.de\/en\/__trashed\/","title":{"rendered":"Testseite 28082025"},"content":{"rendered":"<div class=\"wpb-content-wrapper\"><div class=\"vc_row wpb_row vc_row-fluid\"><div class=\"wpb_column vc_column_container vc_col-sm-12\"><div class=\"vc_column-inner\"><div class=\"wpb_wrapper\"><h2 style=\"text-align: center;font-family:Abril Fatface;font-weight:400;font-style:normal\" class=\"vc_custom_heading vc_do_custom_heading\" >This is custom heading element...<\/h2><\/div><\/div><\/div><\/div><div class=\"vc_row wpb_row vc_row-fluid\"><div class=\"wpb_column vc_column_container vc_col-sm-12 vc_hidden-xs\"><div class=\"vc_column-inner\"><div class=\"wpb_wrapper\">\n\t<div class=\"wpb_text_column wpb_content_element\" >\n\t\t<div class=\"wpb_wrapper\">\n\t\t\t<p><!--more--><\/p>\n\n\t\t<\/div>\n\t<\/div>\n<div class=\"vc_empty_space\"   style=\"height: 30px\"><span class=\"vc_empty_space_inner\"><\/span><\/div><h2 style=\"font-size: 26px;text-align: center;font-family:Alice;font-weight:400;font-style:normal\" class=\"vc_custom_heading vc_do_custom_heading\" >AN EXCITING TIME BEGINS!<\/h2><div class=\"vc_empty_space\"   style=\"height: 30px\"><span class=\"vc_empty_space_inner\"><\/span><\/div>\n\t<div class=\"wpb_text_column wpb_content_element\" >\n\t\t<div class=\"wpb_wrapper\">\n\t\t\t<blockquote><p>\nEine Schwangerschaft ist immer etwas ganz besonderes!\n<\/p><\/blockquote>\n\n\t\t<\/div>\n\t<\/div>\n\n\t<div class=\"wpb_text_column wpb_content_element\" >\n\t\t<div class=\"wpb_wrapper\">\n\t\t\t<p>Familien, Freunde oder enge Bekannte, alle sind aufgeregt und freuen sich auf das neugeborene Baby. Es tauchen viele Fragen auf&#8230; Wie wird das Baby aussehen&#8230;? Wird es ein M\u00e4dchen oder ein Junge&#8230;? Doch niemand kann das Gef\u00fchl st\u00e4rker empfinden als die zuk\u00fcnftige Mama! \ud83d\ude4f<\/p>\n\n\t\t<\/div>\n\t<\/div>\n\n\t<div class=\"wpb_text_column wpb_content_element\" >\n\t\t<div class=\"wpb_wrapper\">\n\t\t\t<p>Manchmal muss es nicht etwas kompliziertes oder aufwendiges sein, um eine passende Location f\u00fcr ein Schwangerschaftsshooting zu finden. Eine alte Holzbank in einem sch\u00f6nen Park, hat sich f\u00fcr das Shooting als ideal empfunden. Der Himmel war an diesem Tag ziemlich bew\u00f6lkt. Diese Situation schaffte mir allerdings beim fotografieren einen erheblichen Vorteil. Der Himmel wirkte wie eine riesen Lichtquelle und erzeugte ein sch\u00f6nes weiches Licht! \ud83d\udc4c<\/p>\n\n\t\t<\/div>\n\t<\/div>\n<div class=\"vc_empty_space\"   style=\"height: 30px\"><span class=\"vc_empty_space_inner\"><\/span><\/div>\n\t<div class=\"wpb_text_column wpb_content_element\" >\n\t\t<div class=\"wpb_wrapper\">\n\t\t\t<blockquote><p>\nBen\u00f6tigen Sie w\u00e4hrend Ihrer Schwangerschaft einen Fotografen?\n<\/p><\/blockquote>\n\n\t\t<\/div>\n\t<\/div>\n\n\t<div class=\"wpb_text_column wpb_content_element\" >\n\t\t<div class=\"wpb_wrapper\">\n\t\t\t<p style=\"text-align: left;\">Sie ben\u00f6tigen Schwangerschaftsbilder und sind auf der Suche nach einem professionellen Fotografen? Dann melden sich bei mir!<\/p>\n<p style=\"text-align: left;\">Genie\u00dfen Sie Ihre besonderen Momente in der Schwangerschaft und ich halte f\u00fcr Sie, die sch\u00f6nsten Erinnerungen fotografisch fest! Es gibt nichts sch\u00f6neres, diese mit unseren Engsten zu teilen. Schreiben Sie mir einfach Ihre W\u00fcnsche und Anregungen \u00fcber das <a href=\"https:\/\/ukphotographie.de\/en\/kontakt\/\"><em>Contact form<\/em><\/a> und sichern sie sich ein unverbindliches und kostenfreies Beratungsgespr\u00e4ch.<\/p>\n\n\t\t<\/div>\n\t<\/div>\n<div class=\"vc_empty_space\"   style=\"height: 30px\"><span class=\"vc_empty_space_inner\"><\/span><\/div>\t\t\r\n\t\t<div class=\"mega_uae_btn_223\" style=\"justify-content: left; display: flex;\">\r\n\t\t\t\r\n\t\t\t\r\n\t\t\t\r\n\t\t\t\t\t\t\t<a href=\"https:\/\/ukphotographie.de\/en\/kontakt\/\" target=\"\" title=\"contact\" class=\"maw_advanced_btn button--aylen\" style=\"color: #ffffff; background: #252525; border: 2px solid #c0af94; border-radius: 5px; font-size: 17px; padding: 5px 23px; ;\">\r\n\t\t\t\t\t\t\t\t\t\t\t<i class=\"button__icon icon__left\"> <\/i>\r\n\t\t\t\t\t\t\t\t\t\t<span>Termin buchen!<\/span>\r\n\t\t\t\t\t\t\t\t\t<\/a>\r\n\t\t\t\t<div style=\"clear: both;\"><\/div>\r\n\t\t\t\r\n\t\t\t\r\n\t\t\t\r\n\t\t\t\r\n\t\t\t\r\n\t\t\t\t\t<\/div>\r\n\t\t<style>\r\n\t\t\t.mega_uae_btn_223 .maw_advanced_btn{\r\n\t\t\t\ttext-transform: default !important;\r\n\t\t\t\tfont-style: default !important;\r\n\t\t\t\ttext-decoration: default !important;\r\n\t\t\t\t\/*box-none: 5px 5px 16px rgba(68,68,68,0.3) !important;*\/\r\n\t\t\t\tbox-none: 0 10px 20px rgba(0, 0, 0, 0.2) !important;\r\n\t\t\t}\r\n\t\t\t\t\t\t\t.mega_uae_btn_223 .maw_advanced_btn .icon__left {\r\n\t\t\t\t\tfont-size: 18px !important;\r\n\t\t\t\t\tpadding-right: 5px !important;\r\n\t\t\t\t}\r\n\t\t\t\t\t\t\r\n\t\t\t.mega_uae_btn_223 .button--antiman:hover,\r\n\t\t\t.mega_uae_btn_223 .button--nuka:hover,\r\n\t\t\t.mega_uae_btn_223 .button--aylen:hover,\r\n\t\t\t.mega_uae_btn_223 .button--pipaluk:hover {\r\n\t\t\t\tcolor: #c0af94 !important;\r\n\t\t\t}\r\n\r\n\t\t\t\r\n\t\t\t\r\n\t\t\t\t\t\t\r\n\t\t\t\t\t\t\r\n\t\t\t\r\n\t\t\t\r\n\t\t\t\r\n\t\t\t\r\n\t\t\t\r\n\t\t\t\r\n\t\t\t\r\n\t\t\t\r\n\t\t\t\r\n\t\t\t\t\t\t\t\t\t\r\n\t\t\t\r\n\t\t\t\r\n\t\t\t\t\t\t\t.mega_uae_btn_223 .button--aylen{\r\n\t\t\t\t\tbackground: #252525 !important;\r\n\t\t\t\t\tcolor: #ffffff !important;\r\n\t\t\t\t}\r\n\t\t\t\t.mega_uae_btn_223 .button--aylen::before,\r\n\t\t\t\t.mega_uae_btn_223 .button--aylen::after{\r\n\t\t\t\t\tbackground: #202020 !important;\r\n\t\t\t\t}\r\n\t\t\t\r\n\t\t\t\r\n\t\t\t\r\n\t\t\t\r\n\t\t\t\t\t<\/style>\r\n\r\n\t\t<div class=\"vc_empty_space\"   style=\"height: 200px\"><span class=\"vc_empty_space_inner\"><\/span><\/div><div class=\"vc_separator wpb_content_element vc_separator_align_center vc_sep_width_100 vc_sep_border_width_2 vc_sep_pos_align_center vc_separator_no_text wpb_content_element  wpb_content_element\" ><span class=\"vc_sep_holder vc_sep_holder_l\"><span style=\"border-color:#c0af94;\" class=\"vc_sep_line\"><\/span><\/span><span class=\"vc_sep_holder vc_sep_holder_r\"><span style=\"border-color:#c0af94;\" class=\"vc_sep_line\"><\/span><\/span>\n<\/div><div class=\"vc_empty_space\"   style=\"height: 200px\"><span class=\"vc_empty_space_inner\"><\/span><\/div><\/div><\/div><\/div><\/div><div class=\"vc_row wpb_row vc_row-fluid\"><div class=\"wpb_column vc_column_container vc_col-sm-12 vc_hidden-lg vc_hidden-md vc_hidden-sm\"><div class=\"vc_column-inner\"><div class=\"wpb_wrapper\">\n\t<div class=\"wpb_text_column wpb_content_element\" >\n\t\t<div class=\"wpb_wrapper\">\n\t\t\t<p><!--more--><\/p>\n\n\t\t<\/div>\n\t<\/div>\n<div class=\"vc_empty_space\"   style=\"height: 30px\"><span class=\"vc_empty_space_inner\"><\/span><\/div><h2 style=\"font-size: 26px;text-align: center;font-family:Alice;font-weight:400;font-style:normal\" class=\"vc_custom_heading vc_do_custom_heading\" >AN EXCITING TIME BEGINS!<\/h2><div class=\"vc_empty_space\"   style=\"height: 30px\"><span class=\"vc_empty_space_inner\"><\/span><\/div>\n\t<div class=\"wpb_text_column wpb_content_element\" >\n\t\t<div class=\"wpb_wrapper\">\n\t\t\t<blockquote><p>\nEine Schwangerschaft ist immer etwas ganz besonderes!\n<\/p><\/blockquote>\n\n\t\t<\/div>\n\t<\/div>\n\n\t<div class=\"wpb_text_column wpb_content_element\" >\n\t\t<div class=\"wpb_wrapper\">\n\t\t\t<p>Familien, Freunde oder enge Bekannte, alle sind aufgeregt und freuen sich auf das neugeborene Baby.<\/p>\n<p>Es tauchen viele Fragen auf&#8230; Wie wird das Baby aussehen&#8230;? Wird es ein M\u00e4dchen oder ein Junge&#8230;? Doch niemand kann das Gef\u00fchl st\u00e4rker empfinden als die zuk\u00fcnftige Mama! \ud83d\ude4f<\/p>\n\n\t\t<\/div>\n\t<\/div>\n\n\t<div class=\"wpb_text_column wpb_content_element\" >\n\t\t<div class=\"wpb_wrapper\">\n\t\t\t<p>Manchmal muss es nicht etwas kompliziertes oder aufwendiges sein, um eine passende Location f\u00fcr ein Schwangerschaftsshooting zu finden. Eine alte Holzbank in einem sch\u00f6nen Park, hat sich f\u00fcr das Shooting als ideal empfunden. Der Himmel war an diesem Tag ziemlich bew\u00f6lkt. Diese Situation schaffte mir allerdings beim fotografieren einen erheblichen Vorteil. Der Himmel wirkte wie eine riesen Lichtquelle und erzeugte ein sch\u00f6nes weiches Licht! \ud83d\udc4c<\/p>\n\n\t\t<\/div>\n\t<\/div>\n<div class=\"vc_empty_space\"   style=\"height: 30px\"><span class=\"vc_empty_space_inner\"><\/span><\/div>\n\t<div class=\"wpb_text_column wpb_content_element\" >\n\t\t<div class=\"wpb_wrapper\">\n\t\t\t<blockquote><p>\nBen\u00f6tigen Sie w\u00e4hrend Ihrer Schwangerschaft einen Fotografen?\n<\/p><\/blockquote>\n\n\t\t<\/div>\n\t<\/div>\n\n\t<div class=\"wpb_text_column wpb_content_element\" >\n\t\t<div class=\"wpb_wrapper\">\n\t\t\t<p style=\"text-align: left;\">Sie ben\u00f6tigen Schwangerschaftsbilder und sind auf der Suche nach einem professionellen Fotografen? Dann melden sich bei mir!<\/p>\n<p style=\"text-align: left;\">Genie\u00dfen Sie Ihre besonderen Momente in der Schwangerschaft und ich halte f\u00fcr Sie, die sch\u00f6nsten Erinnerungen fotografisch fest! Es gibt nichts sch\u00f6neres, diese mit unseren Engsten zu teilen. Schreiben Sie mir einfach Ihre W\u00fcnsche und Anregungen \u00fcber das <a href=\"https:\/\/ukphotographie.de\/en\/kontakt\/\"><em>Contact form<\/em><\/a> und sichern sie sich ein unverbindliches und kostenfreies Beratungsgespr\u00e4ch.<\/p>\n\n\t\t<\/div>\n\t<\/div>\n<div class=\"vc_empty_space\"   style=\"height: 30px\"><span class=\"vc_empty_space_inner\"><\/span><\/div>\t\t\r\n\t\t<div class=\"mega_uae_btn_248\" style=\"justify-content: left; display: flex;\">\r\n\t\t\t\r\n\t\t\t\r\n\t\t\t\r\n\t\t\t\t\t\t\t<a href=\"https:\/\/ukphotographie.de\/en\/kontakt\/\" target=\"\" title=\"contact\" class=\"maw_advanced_btn button--aylen\" style=\"color: #ffffff; background: #252525; border: 2px solid #c0af94; border-radius: 5px; font-size: 17px; padding: 5px 23px; ;\">\r\n\t\t\t\t\t\t\t\t\t\t\t<i class=\"button__icon icon__left\"> <\/i>\r\n\t\t\t\t\t\t\t\t\t\t<span>Termin buchen!<\/span>\r\n\t\t\t\t\t\t\t\t\t<\/a>\r\n\t\t\t\t<div style=\"clear: both;\"><\/div>\r\n\t\t\t\r\n\t\t\t\r\n\t\t\t\r\n\t\t\t\r\n\t\t\t\r\n\t\t\t\t\t<\/div>\r\n\t\t<style>\r\n\t\t\t.mega_uae_btn_248 .maw_advanced_btn{\r\n\t\t\t\ttext-transform: default !important;\r\n\t\t\t\tfont-style: default !important;\r\n\t\t\t\ttext-decoration: default !important;\r\n\t\t\t\t\/*box-none: 5px 5px 16px rgba(68,68,68,0.3) !important;*\/\r\n\t\t\t\tbox-none: 0 10px 20px rgba(0, 0, 0, 0.2) !important;\r\n\t\t\t}\r\n\t\t\t\t\t\t\t.mega_uae_btn_248 .maw_advanced_btn .icon__left {\r\n\t\t\t\t\tfont-size: 18px !important;\r\n\t\t\t\t\tpadding-right: 5px !important;\r\n\t\t\t\t}\r\n\t\t\t\t\t\t\r\n\t\t\t.mega_uae_btn_248 .button--antiman:hover,\r\n\t\t\t.mega_uae_btn_248 .button--nuka:hover,\r\n\t\t\t.mega_uae_btn_248 .button--aylen:hover,\r\n\t\t\t.mega_uae_btn_248 .button--pipaluk:hover {\r\n\t\t\t\tcolor: #c0af94 !important;\r\n\t\t\t}\r\n\r\n\t\t\t\r\n\t\t\t\r\n\t\t\t\t\t\t\r\n\t\t\t\t\t\t\r\n\t\t\t\r\n\t\t\t\r\n\t\t\t\r\n\t\t\t\r\n\t\t\t\r\n\t\t\t\r\n\t\t\t\r\n\t\t\t\r\n\t\t\t\r\n\t\t\t\t\t\t\t\t\t\r\n\t\t\t\r\n\t\t\t\r\n\t\t\t\t\t\t\t.mega_uae_btn_248 .button--aylen{\r\n\t\t\t\t\tbackground: #252525 !important;\r\n\t\t\t\t\tcolor: #ffffff !important;\r\n\t\t\t\t}\r\n\t\t\t\t.mega_uae_btn_248 .button--aylen::before,\r\n\t\t\t\t.mega_uae_btn_248 .button--aylen::after{\r\n\t\t\t\t\tbackground: #202020 !important;\r\n\t\t\t\t}\r\n\t\t\t\r\n\t\t\t\r\n\t\t\t\r\n\t\t\t\r\n\t\t\t\t\t<\/style>\r\n\r\n\t\t<div class=\"vc_empty_space\"   style=\"height: 60px\"><span class=\"vc_empty_space_inner\"><\/span><\/div><div class=\"vc_separator wpb_content_element vc_separator_align_center vc_sep_width_100 vc_sep_border_width_2 vc_sep_pos_align_center vc_separator_no_text wpb_content_element  wpb_content_element\" ><span class=\"vc_sep_holder vc_sep_holder_l\"><span style=\"border-color:#c0af94;\" class=\"vc_sep_line\"><\/span><\/span><span class=\"vc_sep_holder vc_sep_holder_r\"><span style=\"border-color:#c0af94;\" class=\"vc_sep_line\"><\/span><\/span>\n<\/div><\/div><\/div><\/div><\/div>\n<\/div>","protected":false},"excerpt":{"rendered":"This is custom heading element... EINE AUFREGENDE ZEIT BEGINNT! Eine Schwangerschaft ist immer etwas ganz besonderes! Familien, Freunde oder enge Bekannte, alle sind aufgeregt und freuen sich auf das neugeborene Baby. Es tauchen viele Fragen auf... Wie wird das Baby aussehen...? Wird es ein M\u00e4dchen oder ein Junge...? Doch niemand kann das Gef\u00fchl st\u00e4rker empfinden [...]","protected":false},"author":1,"featured_media":0,"parent":0,"menu_order":0,"comment_status":"closed","ping_status":"closed","template":"","meta":{"_mi_skip_tracking":false,"_monsterinsights_sitenote_active":false,"_monsterinsights_sitenote_note":"","_monsterinsights_sitenote_category":0,"footnotes":""},"class_list":["post-10715","page","type-page","status-publish","hentry"],"_links":{"self":[{"href":"https:\/\/ukphotographie.de\/en\/wp-json\/wp\/v2\/pages\/10715","targetHints":{"allow":["GET"]}}],"collection":[{"href":"https:\/\/ukphotographie.de\/en\/wp-json\/wp\/v2\/pages"}],"about":[{"href":"https:\/\/ukphotographie.de\/en\/wp-json\/wp\/v2\/types\/page"}],"author":[{"embeddable":true,"href":"https:\/\/ukphotographie.de\/en\/wp-json\/wp\/v2\/users\/1"}],"replies":[{"embeddable":true,"href":"https:\/\/ukphotographie.de\/en\/wp-json\/wp\/v2\/comments?post=10715"}],"version-history":[{"count":3,"href":"https:\/\/ukphotographie.de\/en\/wp-json\/wp\/v2\/pages\/10715\/revisions"}],"predecessor-version":[{"id":10727,"href":"https:\/\/ukphotographie.de\/en\/wp-json\/wp\/v2\/pages\/10715\/revisions\/10727"}],"wp:attachment":[{"href":"https:\/\/ukphotographie.de\/en\/wp-json\/wp\/v2\/media?parent=10715"}],"curies":[{"name":"wp","href":"https:\/\/api.w.org\/{rel}","templated":true}]}}